{"id":48,"date":"2023-03-26T03:28:57","date_gmt":"2023-03-26T03:28:57","guid":{"rendered":"https:\/\/hd.company\/shop\/?post_type=product&#038;p=48"},"modified":"2023-05-10T13:41:28","modified_gmt":"2023-05-10T19:41:28","slug":"pro-play-nivel-2","status":"publish","type":"product","link":"https:\/\/hd.company\/shop\/producto\/pro-play-nivel-2\/","title":{"rendered":"Pro.Play\u00ae Certificaci\u00f3n Internacional -Nivel 2 y 3-"},"content":{"rendered":"<p><span style=\"font-weight: 400;\">Aprende el Proceso rector y un amplio abanico de t\u00e9cnicas de modelado que pueden utilizarse individualmente y en equipos.<\/span><\/p>\n<p><span style=\"font-weight: 400;\">Los participantes conocer\u00e1n los principios que rigen el uso de <\/span><b>Pro.Play\u00ae<\/b><span style=\"font-weight: 400;\"> en las organizaciones, descubrir\u00e1n y practicar\u00e1n el modelado a nivel individual, que puede ser utilizado en grupos de todos los tama\u00f1os para resolver retos de m\u00faltiples \u00edndoles.<\/span><\/p>\n<p><span style=\"font-weight: 400;\">Modalidad presencial CDMX.<\/span><\/p>\n<p><span style=\"font-weight: 400;\">9 y 10 de agosto de 2023<\/span><\/p>\n<p><span style=\"font-weight: 400;\">P\u00e1gina web:<\/span><a href=\"https:\/\/hdm.company\/pro-play\/\"> <span style=\"font-weight: 400;\">https:\/\/hdm.company\/pro-play\/<\/span><\/a><\/p>\n<p><span style=\"font-weight: 400;\">Instructores:<\/span><\/p>\n<p><b>Juan Prego<\/b><span style=\"font-weight: 400;\"> \u2013 Master Trainer &amp; Fundador de Pro.Play<\/span><b>\u00ae<\/b><span style=\"font-weight: 400;\"> (Espa\u00f1a).<\/span><\/p>\n<p><b>Adri\u00e1n Ladr\u00f3n de Guevara Pati\u00f1o<\/b><span style=\"font-weight: 400;\"> \u2013 Facilitador Certificado en Metodolog\u00eda Pro.Play<\/span><b>\u00ae<\/b><span style=\"font-weight: 400;\"> (M\u00e9xico).<\/span><\/p>\n<p><b>Jaime Lastra<\/b><span style=\"font-weight: 400;\"> \u2013 Facilitador Certificado en Metodolog\u00eda Pro.Play<\/span><b>\u00ae<\/b><span style=\"font-weight: 400;\"> (M\u00e9xico).<\/span><\/p>\n<p><span style=\"font-weight: 400;\">Inversi\u00f3n: <\/span><b>$33,628.40<\/b> <span style=\"font-weight: 400;\">(IVA incluido)<\/span><\/p>\n","protected":false},"excerpt":{"rendered":"<p><span style=\"font-weight: 400;\">Metodolog\u00eda en gamificaci\u00f3n para resolver grandes problemas a trav\u00e9s del juego.<\/span><\/p>\n","protected":false},"featured_media":80,"template":"","meta":[],"product_brand":[],"product_cat":[17],"product_tag":[20,18],"class_list":{"0":"post-48","1":"product","2":"type-product","3":"status-publish","4":"has-post-thumbnail","6":"product_cat-pro-play","7":"product_tag-nivel-2","8":"product_tag-pro-play","9":"sales-flash-overlay","10":"woocommerce-text-align-center","11":"woocommerce-image-align-center","12":"do-quantity-buttons","13":"wc-has-gallery","15":"first","16":"instock","17":"virtual","18":"purchasable","19":"product-type-simple"},"_links":{"self":[{"href":"https:\/\/hd.company\/shop\/wp-json\/wp\/v2\/product\/48","targetHints":{"allow":["GET"]}}],"collection":[{"href":"https:\/\/hd.company\/shop\/wp-json\/wp\/v2\/product"}],"about":[{"href":"https:\/\/hd.company\/shop\/wp-json\/wp\/v2\/types\/product"}],"wp:featuredmedia":[{"embeddable":true,"href":"https:\/\/hd.company\/shop\/wp-json\/wp\/v2\/media\/80"}],"wp:attachment":[{"href":"https:\/\/hd.company\/shop\/wp-json\/wp\/v2\/media?parent=48"}],"wp:term":[{"taxonomy":"product_brand","embeddable":true,"href":"https:\/\/hd.company\/shop\/wp-json\/wp\/v2\/product_brand?post=48"},{"taxonomy":"product_cat","embeddable":true,"href":"https:\/\/hd.company\/shop\/wp-json\/wp\/v2\/product_cat?post=48"},{"taxonomy":"product_tag","embeddable":true,"href":"https:\/\/hd.company\/shop\/wp-json\/wp\/v2\/product_tag?post=48"}],"curies":[{"name":"wp","href":"https:\/\/api.w.org\/{rel}","templated":true}]}}